{"id":117199,"date":"2025-02-21T18:37:09","date_gmt":"2025-02-21T18:37:09","guid":{"rendered":"https:\/\/www.zirvedekalsuit.com\/vip-transfer-and-tour-service\/"},"modified":"2025-07-10T22:28:29","modified_gmt":"2025-07-10T22:28:29","slug":"vip-transfer-and-tour-service","status":"publish","type":"page","link":"https:\/\/www.zirvedekalsuit.com\/en\/vip-transfer-and-tour-service\/","title":{"rendered":"VIP Transfer and Tour Service"},"content":{"rendered":"\t\t<div data-elementor-type=\"wp-page\" data-elementor-id=\"117199\" class=\"elementor elementor-117199 elementor-115483\" data-elementor-post-type=\"page\">\n\t\t\t\t<div class=\"elementor-element elementor-element-e967b6e e-flex e-con-boxed tm-col-stretched-none tm-bg-color-over-image e-con e-parent\" data-id=\"e967b6e\" data-element_type=\"container\">\n\t\t\t\t\t<div class=\"e-con-inner\">\n\t\t<div class=\"elementor-element elementor-element-d13dd3e e-flex e-con-boxed tm-col-stretched-none tm-bg-color-over-image e-con e-child\" data-id=\"d13dd3e\" data-element_type=\"container\">\n\t\t\t\t\t<div class=\"e-con-inner\">\n\t\t<div class=\"elementor-element elementor-element-05e0879 e-con-full tm-col-stretched-none e-flex tm-bg-color-over-image e-con e-child\" data-id=\"05e0879\" data-element_type=\"container\">\n\t\t\t\t<div class=\"elementor-element elementor-element-bbc506d elementor-arrows-position-inside elementor-pagination-position-outside elementor-widget elementor-widget-image-carousel\" data-id=\"bbc506d\" data-element_type=\"widget\" data-settings=\"{&quot;slides_to_show&quot;:&quot;1&quot;,&quot;navigation&quot;:&quot;both&quot;,&quot;autoplay&quot;:&quot;yes&quot;,&quot;pause_on_hover&quot;:&quot;yes&quot;,&quot;pause_on_interaction&quot;:&quot;yes&quot;,&quot;autoplay_speed&quot;:5000,&quot;infinite&quot;:&quot;yes&quot;,&quot;effect&quot;:&quot;slide&quot;,&quot;speed&quot;:500}\" data-widget_type=\"image-carousel.default\">\n\t\t\t\t<div class=\"elementor-widget-container\">\n\t\t\t\t\t\t\t<div class=\"elementor-image-carousel-wrapper swiper\" role=\"region\" aria-roledescription=\"carousel\" aria-label=\"Resim D\u00f6ng\u00fcs\u00fc\" dir=\"ltr\">\n\t\t\t<div class=\"elementor-image-carousel swiper-wrapper\" aria-live=\"off\">\n\t\t\t\t\t\t\t\t<div class=\"swiper-slide\" role=\"group\" aria-roledescription=\"slide\" aria-label=\"1 of 3\"><figure class=\"swiper-slide-inner\"><img decoding=\"async\" class=\"swiper-slide-image\" src=\"https:\/\/www.zirvedekalsuit.com\/wp-content\/uploads\/2025\/03\/vip-transfer-ve-tur-hizmeti-1.jpg\" alt=\"vip-transfer-ve-tur-hizmeti-1\" \/><\/figure><\/div><div class=\"swiper-slide\" role=\"group\" aria-roledescription=\"slide\" aria-label=\"2 of 3\"><figure class=\"swiper-slide-inner\"><img decoding=\"async\" class=\"swiper-slide-image\" src=\"https:\/\/www.zirvedekalsuit.com\/wp-content\/uploads\/2025\/03\/vip-transfer-ve-tur-hizmeti-2.jpg\" alt=\"vip-transfer-ve-tur-hizmeti-2\" \/><\/figure><\/div><div class=\"swiper-slide\" role=\"group\" aria-roledescription=\"slide\" aria-label=\"3 of 3\"><figure class=\"swiper-slide-inner\"><img decoding=\"async\" class=\"swiper-slide-image\" src=\"https:\/\/www.zirvedekalsuit.com\/wp-content\/uploads\/2025\/03\/vip-transfer-ve-tur-hizmeti-3.jpg\" alt=\"vip-transfer-ve-tur-hizmeti-3\" \/><\/figure><\/div>\t\t\t<\/div>\n\t\t\t\t\t\t\t\t\t\t\t\t<div class=\"elementor-swiper-button elementor-swiper-button-prev\" role=\"button\" tabindex=\"0\">\n\t\t\t\t\t\t<svg aria-hidden=\"true\" class=\"e-font-icon-svg e-eicon-chevron-left\" viewBox=\"0 0 1000 1000\" xmlns=\"http:\/\/www.w3.org\/2000\/svg\"><path d=\"M646 125C629 125 613 133 604 142L308 442C296 454 292 471 292 487 292 504 296 521 308 533L604 854C617 867 629 875 646 875 663 875 679 871 692 858 704 846 713 829 713 812 713 796 708 779 692 767L438 487 692 225C700 217 708 204 708 187 708 171 704 154 692 142 675 129 663 125 646 125Z\"><\/path><\/svg>\t\t\t\t\t<\/div>\n\t\t\t\t\t<div class=\"elementor-swiper-button elementor-swiper-button-next\" role=\"button\" tabindex=\"0\">\n\t\t\t\t\t\t<svg aria-hidden=\"true\" class=\"e-font-icon-svg e-eicon-chevron-right\" viewBox=\"0 0 1000 1000\" xmlns=\"http:\/\/www.w3.org\/2000\/svg\"><path d=\"M696 533C708 521 713 504 713 487 713 471 708 454 696 446L400 146C388 133 375 125 354 125 338 125 325 129 313 142 300 154 292 171 292 187 292 204 296 221 308 233L563 492 304 771C292 783 288 800 288 817 288 833 296 850 308 863 321 871 338 875 354 875 371 875 388 867 400 854L696 533Z\"><\/path><\/svg>\t\t\t\t\t<\/div>\n\t\t\t\t\n\t\t\t\t\t\t\t\t\t<div class=\"swiper-pagination\"><\/div>\n\t\t\t\t\t\t\t\t\t<\/div>\n\t\t\t\t\t\t<\/div>\n\t\t\t\t<\/div>\n\t\t\t\t<div class=\"elementor-element elementor-element-fde6470 elementor-widget elementor-widget-tm-ele-text-editor\" data-id=\"fde6470\" data-element_type=\"widget\" data-widget_type=\"tm-ele-text-editor.default\">\n\t\t\t\t<div class=\"elementor-widget-container\">\n\t\t\t\t\t\t\t<div class=\"tm-text-editor\">\r\n\t\t<h2>For Your VIP Transfer and Tour Requests<\/h2>\t\t<\/div>\r\n\t\t\t\t\t<\/div>\n\t\t\t\t<\/div>\n\t\t\t\t<div class=\"elementor-element elementor-element-8104460 elementor-widget elementor-widget-tm-ele-text-editor\" data-id=\"8104460\" data-element_type=\"widget\" data-widget_type=\"tm-ele-text-editor.default\">\n\t\t\t\t<div class=\"elementor-widget-container\">\n\t\t\t\t\t\t\t<div class=\"tm-text-editor\">\r\n\t\tAt ZirvedeKal Suit Hotel, we not only offer our guests an unforgettable stay, but also make their journeys comfortable and stress-free. With our VIP service for airport transfers and tour requests, we make every moment of your trip special.\n\nYou can easily reach our hotel from the airport and back in our luxury vehicles. Enjoy a safe and comfortable journey with our professional drivers, ensuring you enjoy the first and last moments of your holiday. You can also take advantage of our VIP transfer service for private tours in the region.\n\nAt ZirvedeKal Suit Hotel, we pay attention to every detail and offer our guests not only accommodation but also the best transfer and tour experiences. Just relax, while we make your journey easier! <ul>\n<li>Rize-Artvin Airport Transfer<\/li>\n<li>Trabzon Airport Transfer<\/li>\n<li>Bus Terminal - Rize Center \/ Arde\u015fen \/ Pazar Transfer<\/li>\n<li>Daily Highland Tours<\/li>\n<li>Batumi Tours<\/li>\n<li>Boutique Highland Tours<\/li>\n<li>Group Private Tours<\/li>\n<\/ul>\t\t<\/div>\r\n\t\t\t\t\t<\/div>\n\t\t\t\t<\/div>\n\t\t\t\t<\/div>\n\t\t<div class=\"elementor-element elementor-element-7588889 e-con-full e-flex tm-col-stretched-none tm-bg-color-over-image e-con e-child\" data-id=\"7588889\" data-element_type=\"container\">\n\t\t\t\t<div class=\"elementor-element elementor-element-c3e3b6c elementor-widget elementor-widget-tm-ele-navigation-menu\" data-id=\"c3e3b6c\" data-element_type=\"widget\" data-widget_type=\"tm-ele-navigation-menu.default\">\n\t\t\t\t<div class=\"elementor-widget-container\">\n\t\t\t\t\t<div class=\"tm-sc-simple-nav-menu\"><ul id=\"menu-olanak-en\" class=\"\"><li id=\"menu-item-117201\" class=\"menu-item menu-item-type-post_type menu-item-object-page menu-item-117201\"><a href=\"https:\/\/www.zirvedekalsuit.com\/en\/evening-meal\/\"><i class=\"tm-nav-arrow-icon fas fa-arrow-right\"><\/i>Evening meal<\/a><\/li>\n<li id=\"menu-item-117202\" class=\"menu-item menu-item-type-post_type menu-item-object-page menu-item-117202\"><a href=\"https:\/\/www.zirvedekalsuit.com\/en\/rafting-zeepline-swing\/\"><i class=\"tm-nav-arrow-icon fas fa-arrow-right\"><\/i>Rafting &amp; Zeepline &amp; Swing<\/a><\/li>\n<li id=\"menu-item-117203\" class=\"menu-item menu-item-type-post_type menu-item-object-page menu-item-117203\"><a href=\"https:\/\/www.zirvedekalsuit.com\/en\/special-room-decorations\/\"><i class=\"tm-nav-arrow-icon fas fa-arrow-right\"><\/i>Special Room Decorations<\/a><\/li>\n<li id=\"menu-item-117204\" class=\"menu-item menu-item-type-post_type menu-item-object-page menu-item-117204\"><a href=\"https:\/\/www.zirvedekalsuit.com\/en\/vip-transfer-and-tour-service\/\"><i class=\"tm-nav-arrow-icon fas fa-arrow-right\"><\/i>VIP Transfer and Tour Service<\/a><\/li>\n<\/ul><\/div>\t\t\t\t<\/div>\n\t\t\t\t<\/div>\n\t\t<div class=\"elementor-element elementor-element-67f4e0e e-con-full e-flex tm-col-stretched-none tm-bg-color-over-image e-con e-child\" data-id=\"67f4e0e\" data-element_type=\"container\" data-settings=\"{&quot;background_background&quot;:&quot;classic&quot;}\">\n\t\t\t\t<div class=\"elementor-element elementor-element-c1c493e elementor-widget elementor-widget-heading\" data-id=\"c1c493e\" data-element_type=\"widget\" data-widget_type=\"heading.default\">\n\t\t\t\t<div class=\"elementor-widget-container\">\n\t\t\t\t\t<h4 class=\"elementor-heading-title elementor-size-default\">Please call or write us for reservations.<\/h4>\t\t\t\t<\/div>\n\t\t\t\t<\/div>\n\t\t\t\t<div class=\"elementor-element elementor-element-09cef15 elementor-widget elementor-widget-tm-ele-iconbox\" data-id=\"09cef15\" data-element_type=\"widget\" data-widget_type=\"tm-ele-iconbox.default\">\n\t\t\t\t<div class=\"elementor-widget-container\">\n\t\t\t\t\t<div class=\"tm-sc-icon-box icon-box icon-top font-icon icon-top animate-hover icon-rotate-y\">\r\n\t\r\n  \t<div class=\"icon-box-wrapper\">\r\n\t\t\r\n\t\t<div class=\"icon-wrapper\">\r\n\t\t<div class=\"icon icon-round icon-type-font-icon icon-md\">\r\n\t\t\t<i aria-hidden=\"true\" class=\" flaticon-common-phone-call\"><\/i>\t\t<\/div>\r\n\r\n\t\t\t<\/div>\r\n\t\t\t<div class=\"icon-text\">\r\n\t\t\t\t\t\t\r\n\t\t\t\t<h4 class=\"icon-box-title \">\r\n\t\t\t\t\t\t\tDo you need a reservation?\t\t\t\t\t<\/h4>\r\n\t\t\t\t\t<div class=\"content\">0541 143 53 53<\/div>\r\n\t\t\t\r\n\t\t\t\r\n\t\r\n\t\t\t\t\t<\/div>\r\n\t\t<div class=\"clearfix\"><\/div>\r\n\t<\/div>\r\n<\/div>\t\t\t\t<\/div>\n\t\t\t\t<\/div>\n\t\t\t\t<\/div>\n\t\t\t\t<\/div>\n\t\t\t\t\t<\/div>\n\t\t\t\t<\/div>\n\t\t\t\t\t<\/div>\n\t\t\t\t<\/div>\n\t\t\t\t<\/div>\n\t\t","protected":false},"excerpt":{"rendered":"<p>For Your VIP Transfer and Tour Requests At ZirvedeKal Suit Hotel, we not only offer our guests an unforgettable stay,&#8230;<\/p>\n","protected":false},"author":1,"featured_media":0,"parent":0,"menu_order":0,"comment_status":"closed","ping_status":"closed","template":"","meta":{"footnotes":""},"class_list":["post-117199","page","type-page","status-publish","hentry"],"yoast_head":"<!-- This site is optimized with the Yoast SEO plugin v25.4 - https:\/\/yoast.com\/wordpress\/plugins\/seo\/ -->\n<title>VIP Transfer and Tour Service - ZirvedeKal<\/title>\n<meta name=\"robots\" content=\"index, follow, max-snippet:-1, max-image-preview:large, max-video-preview:-1\" \/>\n<link rel=\"canonical\" href=\"https:\/\/www.zirvedekalsuit.com\/en\/vip-transfer-and-tour-service\/\" \/>\n<meta property=\"og:locale\" content=\"en_US\" \/>\n<meta property=\"og:type\" content=\"article\" \/>\n<meta property=\"og:title\" content=\"VIP Transfer and Tour Service - ZirvedeKal\" \/>\n<meta property=\"og:description\" content=\"For Your VIP Transfer and Tour Requests At ZirvedeKal Suit Hotel, we not only offer our guests an unforgettable stay,...\" \/>\n<meta property=\"og:url\" content=\"https:\/\/www.zirvedekalsuit.com\/en\/vip-transfer-and-tour-service\/\" \/>\n<meta property=\"og:site_name\" content=\"ZirvedeKal\" \/>\n<meta property=\"article:modified_time\" content=\"2025-07-10T22:28:29+00:00\" \/>\n<meta property=\"og:image\" content=\"https:\/\/www.zirvedekalsuit.com\/wp-content\/uploads\/2025\/03\/vip-transfer-ve-tur-hizmeti-1.jpg\" \/>\n<meta name=\"twitter:card\" content=\"summary_large_image\" \/>\n<meta name=\"twitter:label1\" content=\"Est. reading time\" \/>\n\t<meta name=\"twitter:data1\" content=\"2 minutes\" \/>\n<script type=\"application\/ld+json\" class=\"yoast-schema-graph\">{\"@context\":\"https:\/\/schema.org\",\"@graph\":[{\"@type\":\"WebPage\",\"@id\":\"https:\/\/www.zirvedekalsuit.com\/en\/vip-transfer-and-tour-service\/\",\"url\":\"https:\/\/www.zirvedekalsuit.com\/en\/vip-transfer-and-tour-service\/\",\"name\":\"VIP Transfer and Tour Service - ZirvedeKal\",\"isPartOf\":{\"@id\":\"https:\/\/www.zirvedekalsuit.com\/en\/#website\"},\"primaryImageOfPage\":{\"@id\":\"https:\/\/www.zirvedekalsuit.com\/en\/vip-transfer-and-tour-service\/#primaryimage\"},\"image\":{\"@id\":\"https:\/\/www.zirvedekalsuit.com\/en\/vip-transfer-and-tour-service\/#primaryimage\"},\"thumbnailUrl\":\"https:\/\/www.zirvedekalsuit.com\/wp-content\/uploads\/2025\/03\/vip-transfer-ve-tur-hizmeti-1.jpg\",\"datePublished\":\"2025-02-21T18:37:09+00:00\",\"dateModified\":\"2025-07-10T22:28:29+00:00\",\"breadcrumb\":{\"@id\":\"https:\/\/www.zirvedekalsuit.com\/en\/vip-transfer-and-tour-service\/#breadcrumb\"},\"inLanguage\":\"en-US\",\"potentialAction\":[{\"@type\":\"ReadAction\",\"target\":[\"https:\/\/www.zirvedekalsuit.com\/en\/vip-transfer-and-tour-service\/\"]}]},{\"@type\":\"ImageObject\",\"inLanguage\":\"en-US\",\"@id\":\"https:\/\/www.zirvedekalsuit.com\/en\/vip-transfer-and-tour-service\/#primaryimage\",\"url\":\"https:\/\/www.zirvedekalsuit.com\/wp-content\/uploads\/2025\/03\/vip-transfer-ve-tur-hizmeti-1.jpg\",\"contentUrl\":\"https:\/\/www.zirvedekalsuit.com\/wp-content\/uploads\/2025\/03\/vip-transfer-ve-tur-hizmeti-1.jpg\"},{\"@type\":\"BreadcrumbList\",\"@id\":\"https:\/\/www.zirvedekalsuit.com\/en\/vip-transfer-and-tour-service\/#breadcrumb\",\"itemListElement\":[{\"@type\":\"ListItem\",\"position\":1,\"name\":\"Anasayfa\",\"item\":\"https:\/\/www.zirvedekalsuit.com\/en\/\"},{\"@type\":\"ListItem\",\"position\":2,\"name\":\"VIP Transfer and Tour Service\"}]},{\"@type\":\"WebSite\",\"@id\":\"https:\/\/www.zirvedekalsuit.com\/en\/#website\",\"url\":\"https:\/\/www.zirvedekalsuit.com\/en\/\",\"name\":\"ZirvedeKal\",\"description\":\"\",\"publisher\":{\"@id\":\"https:\/\/www.zirvedekalsuit.com\/en\/#organization\"},\"potentialAction\":[{\"@type\":\"SearchAction\",\"target\":{\"@type\":\"EntryPoint\",\"urlTemplate\":\"https:\/\/www.zirvedekalsuit.com\/en\/?s={search_term_string}\"},\"query-input\":{\"@type\":\"PropertyValueSpecification\",\"valueRequired\":true,\"valueName\":\"search_term_string\"}}],\"inLanguage\":\"en-US\"},{\"@type\":\"Organization\",\"@id\":\"https:\/\/www.zirvedekalsuit.com\/en\/#organization\",\"name\":\"ZirvedeKal\",\"url\":\"https:\/\/www.zirvedekalsuit.com\/en\/\",\"logo\":{\"@type\":\"ImageObject\",\"inLanguage\":\"en-US\",\"@id\":\"https:\/\/www.zirvedekalsuit.com\/en\/#\/schema\/logo\/image\/\",\"url\":\"https:\/\/www.zirvedekalsuit.com\/wp-content\/uploads\/2025\/02\/zirve-logo.png\",\"contentUrl\":\"https:\/\/www.zirvedekalsuit.com\/wp-content\/uploads\/2025\/02\/zirve-logo.png\",\"width\":500,\"height\":164,\"caption\":\"ZirvedeKal\"},\"image\":{\"@id\":\"https:\/\/www.zirvedekalsuit.com\/en\/#\/schema\/logo\/image\/\"}}]}<\/script>\n<!-- \/ Yoast SEO plugin. -->","yoast_head_json":{"title":"VIP Transfer and Tour Service - ZirvedeKal","robots":{"index":"index","follow":"follow","max-snippet":"max-snippet:-1","max-image-preview":"max-image-preview:large","max-video-preview":"max-video-preview:-1"},"canonical":"https:\/\/www.zirvedekalsuit.com\/en\/vip-transfer-and-tour-service\/","og_locale":"en_US","og_type":"article","og_title":"VIP Transfer and Tour Service - ZirvedeKal","og_description":"For Your VIP Transfer and Tour Requests At ZirvedeKal Suit Hotel, we not only offer our guests an unforgettable stay,...","og_url":"https:\/\/www.zirvedekalsuit.com\/en\/vip-transfer-and-tour-service\/","og_site_name":"ZirvedeKal","article_modified_time":"2025-07-10T22:28:29+00:00","og_image":[{"url":"https:\/\/www.zirvedekalsuit.com\/wp-content\/uploads\/2025\/03\/vip-transfer-ve-tur-hizmeti-1.jpg","type":"","width":"","height":""}],"twitter_card":"summary_large_image","twitter_misc":{"Est. reading time":"2 minutes"},"schema":{"@context":"https:\/\/schema.org","@graph":[{"@type":"WebPage","@id":"https:\/\/www.zirvedekalsuit.com\/en\/vip-transfer-and-tour-service\/","url":"https:\/\/www.zirvedekalsuit.com\/en\/vip-transfer-and-tour-service\/","name":"VIP Transfer and Tour Service - ZirvedeKal","isPartOf":{"@id":"https:\/\/www.zirvedekalsuit.com\/en\/#website"},"primaryImageOfPage":{"@id":"https:\/\/www.zirvedekalsuit.com\/en\/vip-transfer-and-tour-service\/#primaryimage"},"image":{"@id":"https:\/\/www.zirvedekalsuit.com\/en\/vip-transfer-and-tour-service\/#primaryimage"},"thumbnailUrl":"https:\/\/www.zirvedekalsuit.com\/wp-content\/uploads\/2025\/03\/vip-transfer-ve-tur-hizmeti-1.jpg","datePublished":"2025-02-21T18:37:09+00:00","dateModified":"2025-07-10T22:28:29+00:00","breadcrumb":{"@id":"https:\/\/www.zirvedekalsuit.com\/en\/vip-transfer-and-tour-service\/#breadcrumb"},"inLanguage":"en-US","potentialAction":[{"@type":"ReadAction","target":["https:\/\/www.zirvedekalsuit.com\/en\/vip-transfer-and-tour-service\/"]}]},{"@type":"ImageObject","inLanguage":"en-US","@id":"https:\/\/www.zirvedekalsuit.com\/en\/vip-transfer-and-tour-service\/#primaryimage","url":"https:\/\/www.zirvedekalsuit.com\/wp-content\/uploads\/2025\/03\/vip-transfer-ve-tur-hizmeti-1.jpg","contentUrl":"https:\/\/www.zirvedekalsuit.com\/wp-content\/uploads\/2025\/03\/vip-transfer-ve-tur-hizmeti-1.jpg"},{"@type":"BreadcrumbList","@id":"https:\/\/www.zirvedekalsuit.com\/en\/vip-transfer-and-tour-service\/#breadcrumb","itemListElement":[{"@type":"ListItem","position":1,"name":"Anasayfa","item":"https:\/\/www.zirvedekalsuit.com\/en\/"},{"@type":"ListItem","position":2,"name":"VIP Transfer and Tour Service"}]},{"@type":"WebSite","@id":"https:\/\/www.zirvedekalsuit.com\/en\/#website","url":"https:\/\/www.zirvedekalsuit.com\/en\/","name":"ZirvedeKal","description":"","publisher":{"@id":"https:\/\/www.zirvedekalsuit.com\/en\/#organization"},"potentialAction":[{"@type":"SearchAction","target":{"@type":"EntryPoint","urlTemplate":"https:\/\/www.zirvedekalsuit.com\/en\/?s={search_term_string}"},"query-input":{"@type":"PropertyValueSpecification","valueRequired":true,"valueName":"search_term_string"}}],"inLanguage":"en-US"},{"@type":"Organization","@id":"https:\/\/www.zirvedekalsuit.com\/en\/#organization","name":"ZirvedeKal","url":"https:\/\/www.zirvedekalsuit.com\/en\/","logo":{"@type":"ImageObject","inLanguage":"en-US","@id":"https:\/\/www.zirvedekalsuit.com\/en\/#\/schema\/logo\/image\/","url":"https:\/\/www.zirvedekalsuit.com\/wp-content\/uploads\/2025\/02\/zirve-logo.png","contentUrl":"https:\/\/www.zirvedekalsuit.com\/wp-content\/uploads\/2025\/02\/zirve-logo.png","width":500,"height":164,"caption":"ZirvedeKal"},"image":{"@id":"https:\/\/www.zirvedekalsuit.com\/en\/#\/schema\/logo\/image\/"}}]}},"_links":{"self":[{"href":"https:\/\/www.zirvedekalsuit.com\/en\/wp-json\/wp\/v2\/pages\/117199","targetHints":{"allow":["GET"]}}],"collection":[{"href":"https:\/\/www.zirvedekalsuit.com\/en\/wp-json\/wp\/v2\/pages"}],"about":[{"href":"https:\/\/www.zirvedekalsuit.com\/en\/wp-json\/wp\/v2\/types\/page"}],"author":[{"embeddable":true,"href":"https:\/\/www.zirvedekalsuit.com\/en\/wp-json\/wp\/v2\/users\/1"}],"replies":[{"embeddable":true,"href":"https:\/\/www.zirvedekalsuit.com\/en\/wp-json\/wp\/v2\/comments?post=117199"}],"version-history":[{"count":4,"href":"https:\/\/www.zirvedekalsuit.com\/en\/wp-json\/wp\/v2\/pages\/117199\/revisions"}],"predecessor-version":[{"id":117222,"href":"https:\/\/www.zirvedekalsuit.com\/en\/wp-json\/wp\/v2\/pages\/117199\/revisions\/117222"}],"wp:attachment":[{"href":"https:\/\/www.zirvedekalsuit.com\/en\/wp-json\/wp\/v2\/media?parent=117199"}],"curies":[{"name":"wp","href":"https:\/\/api.w.org\/{rel}","templated":true}]}}