{"id":117197,"date":"2025-02-21T18:37:23","date_gmt":"2025-02-21T18:37:23","guid":{"rendered":"https:\/\/www.zirvedekalsuit.com\/evening-meal\/"},"modified":"2025-07-10T22:22:12","modified_gmt":"2025-07-10T22:22:12","slug":"evening-meal","status":"publish","type":"page","link":"https:\/\/www.zirvedekalsuit.com\/en\/evening-meal\/","title":{"rendered":"Evening meal"},"content":{"rendered":"\t\t<div data-elementor-type=\"wp-page\" data-elementor-id=\"117197\" class=\"elementor elementor-117197 elementor-115485\" data-elementor-post-type=\"page\">\n\t\t\t\t<div class=\"elementor-element elementor-element-e967b6e e-flex e-con-boxed tm-col-stretched-none tm-bg-color-over-image e-con e-parent\" data-id=\"e967b6e\" data-element_type=\"container\">\n\t\t\t\t\t<div class=\"e-con-inner\">\n\t\t<div class=\"elementor-element elementor-element-d13dd3e e-flex e-con-boxed tm-col-stretched-none tm-bg-color-over-image e-con e-child\" data-id=\"d13dd3e\" data-element_type=\"container\">\n\t\t\t\t\t<div class=\"e-con-inner\">\n\t\t<div class=\"elementor-element elementor-element-05e0879 e-con-full tm-col-stretched-none e-flex tm-bg-color-over-image e-con e-child\" data-id=\"05e0879\" data-element_type=\"container\">\n\t\t\t\t<div class=\"elementor-element elementor-element-1a861eb elementor-widget elementor-widget-image\" data-id=\"1a861eb\" data-element_type=\"widget\" data-widget_type=\"image.default\">\n\t\t\t\t<div class=\"elementor-widget-container\">\n\t\t\t\t\t\t\t\t\t\t\t\t\t\t\t<img fetchpriority=\"high\" decoding=\"async\" width=\"790\" height=\"500\" src=\"https:\/\/www.zirvedekalsuit.com\/wp-content\/uploads\/2025\/03\/aksam-yemegi-1.jpg\" class=\"attachment-full size-full wp-image-117096\" alt=\"\" srcset=\"https:\/\/www.zirvedekalsuit.com\/wp-content\/uploads\/2025\/03\/aksam-yemegi-1.jpg 790w, https:\/\/www.zirvedekalsuit.com\/wp-content\/uploads\/2025\/03\/aksam-yemegi-1-300x190.jpg 300w, https:\/\/www.zirvedekalsuit.com\/wp-content\/uploads\/2025\/03\/aksam-yemegi-1-768x486.jpg 768w, https:\/\/www.zirvedekalsuit.com\/wp-content\/uploads\/2025\/03\/aksam-yemegi-1-600x380.jpg 600w\" sizes=\"255px\" data-kodelisting-lazy-load-sizes=\"(max-width: 790px) 100vw, 790px\" data-kodelisting-loading-image=\"on\" \/>\t\t\t\t\t\t\t\t\t\t\t\t\t\t\t<\/div>\n\t\t\t\t<\/div>\n\t\t\t\t<div class=\"elementor-element elementor-element-fde6470 elementor-widget elementor-widget-tm-ele-text-editor\" data-id=\"fde6470\" data-element_type=\"widget\" data-widget_type=\"tm-ele-text-editor.default\">\n\t\t\t\t<div class=\"elementor-widget-container\">\n\t\t\t\t\t\t\t<div class=\"tm-text-editor\">\r\n\t\t<h2>Accommodation Opportunity Including Dinner<\/h2>\t\t<\/div>\r\n\t\t\t\t\t<\/div>\n\t\t\t\t<\/div>\n\t\t\t\t<div class=\"elementor-element elementor-element-8104460 elementor-widget elementor-widget-tm-ele-text-editor\" data-id=\"8104460\" data-element_type=\"widget\" data-widget_type=\"tm-ele-text-editor.default\">\n\t\t\t\t<div class=\"elementor-widget-container\">\n\t\t\t\t\t\t\t<div class=\"tm-text-editor\">\r\n\t\t<p><strong>Starter:<\/strong> Soup of the Day: Kale Soup &amp; Yayla Soup &amp; Creamy Mushroom Soup &amp; Lentil Soup &amp; Ezo Gelin Soup<\/p><p><strong>Hot Appetizer:<\/strong> Cheese Water B\u00f6re\u011fi &amp; Cigarette B\u00f6re\u011fi<\/p><p><strong>Main Course:<\/strong> Beans with Meat &amp; Rice &amp; Grilled Chicken &amp; Grilled Meatballs &amp; Saut\u00e9ed Meat &amp; Saut\u00e9ed Chicken &amp; Trout &amp; Fried Anchovies<\/p><p><strong>Side Dishes:<\/strong> Seasonal Salad &amp; Cornbread &amp; Roasted Pickles &amp; Oven-Baked Zucchini Patties &amp; Mashed Potatoes<\/p><p><strong>Dessert:<\/strong> Laz B\u00f6re\u011fi &amp; Profiteroles &amp; Trile\u00e7e &amp; Oven-Baked Rice Pudding &amp; Baklava<\/p><p><strong>Beverages:<\/strong> Non-Alcoholic Soft Drinks<\/p><p>Our dinner menu includes a starter, a hot appetizer, a main course, a side dish, a dessert, and a beverage. The menu may vary seasonally; you can choose your preferred dish.<\/p>\t\t<\/div>\r\n\t\t\t\t\t<\/div>\n\t\t\t\t<\/div>\n\t\t\t\t<div class=\"elementor-element elementor-element-7a955c0 elementor-widget elementor-widget-tm-ele-iconbox\" data-id=\"7a955c0\" data-element_type=\"widget\" data-widget_type=\"tm-ele-iconbox.default\">\n\t\t\t\t<div class=\"elementor-widget-container\">\n\t\t\t\t\t<div class=\"tm-sc-icon-box icon-box icon-top no-icon icon-top animate-hover icon-rotate-y\">\r\n\t\r\n  \t<div class=\"icon-box-wrapper\">\r\n\t\t\r\n\t\t\t<div class=\"icon-text\">\r\n\t\t\t\t\t\t\r\n\t\t\t\t<p class=\"icon-box-title \">\r\n\t\t\t\t\t\t\t<b>Note:<\/b> There is no chef in our hotel. Home-cooked meals are prepared by Mother Ay\u015fe's hands and tastes.\t\t\t\t\t<\/p>\r\n\t\t\t\t\t\t\t\t\r\n\t\t\t\r\n\t\r\n\t\t\t\t\t<\/div>\r\n\t\t<div class=\"clearfix\"><\/div>\r\n\t<\/div>\r\n<\/div>\t\t\t\t<\/div>\n\t\t\t\t<\/div>\n\t\t\t\t<\/div>\n\t\t<div class=\"elementor-element elementor-element-7588889 e-con-full e-flex tm-col-stretched-none tm-bg-color-over-image e-con e-child\" data-id=\"7588889\" data-element_type=\"container\">\n\t\t\t\t<div class=\"elementor-element elementor-element-c3e3b6c elementor-widget elementor-widget-tm-ele-navigation-menu\" data-id=\"c3e3b6c\" data-element_type=\"widget\" data-widget_type=\"tm-ele-navigation-menu.default\">\n\t\t\t\t<div class=\"elementor-widget-container\">\n\t\t\t\t\t<div class=\"tm-sc-simple-nav-menu\"><ul id=\"menu-olanak-en\" class=\"\"><li id=\"menu-item-117201\" class=\"menu-item menu-item-type-post_type menu-item-object-page menu-item-117201\"><a href=\"https:\/\/www.zirvedekalsuit.com\/en\/evening-meal\/\"><i class=\"tm-nav-arrow-icon fas fa-arrow-right\"><\/i>Evening meal<\/a><\/li>\n<li id=\"menu-item-117202\" class=\"menu-item menu-item-type-post_type menu-item-object-page menu-item-117202\"><a href=\"https:\/\/www.zirvedekalsuit.com\/en\/rafting-zeepline-swing\/\"><i class=\"tm-nav-arrow-icon fas fa-arrow-right\"><\/i>Rafting &amp; Zeepline &amp; Swing<\/a><\/li>\n<li id=\"menu-item-117203\" class=\"menu-item menu-item-type-post_type menu-item-object-page menu-item-117203\"><a href=\"https:\/\/www.zirvedekalsuit.com\/en\/special-room-decorations\/\"><i class=\"tm-nav-arrow-icon fas fa-arrow-right\"><\/i>Special Room Decorations<\/a><\/li>\n<li id=\"menu-item-117204\" class=\"menu-item menu-item-type-post_type menu-item-object-page menu-item-117204\"><a href=\"https:\/\/www.zirvedekalsuit.com\/en\/vip-transfer-and-tour-service\/\"><i class=\"tm-nav-arrow-icon fas fa-arrow-right\"><\/i>VIP Transfer and Tour Service<\/a><\/li>\n<\/ul><\/div>\t\t\t\t<\/div>\n\t\t\t\t<\/div>\n\t\t<div class=\"elementor-element elementor-element-67f4e0e e-con-full e-flex tm-col-stretched-none tm-bg-color-over-image e-con e-child\" data-id=\"67f4e0e\" data-element_type=\"container\" data-settings=\"{&quot;background_background&quot;:&quot;classic&quot;}\">\n\t\t\t\t<div class=\"elementor-element elementor-element-c1c493e elementor-widget elementor-widget-heading\" data-id=\"c1c493e\" data-element_type=\"widget\" data-widget_type=\"heading.default\">\n\t\t\t\t<div class=\"elementor-widget-container\">\n\t\t\t\t\t<h4 class=\"elementor-heading-title elementor-size-default\">Please call or write us for reservations.<\/h4>\t\t\t\t<\/div>\n\t\t\t\t<\/div>\n\t\t\t\t<div class=\"elementor-element elementor-element-09cef15 elementor-widget elementor-widget-tm-ele-iconbox\" data-id=\"09cef15\" data-element_type=\"widget\" data-widget_type=\"tm-ele-iconbox.default\">\n\t\t\t\t<div class=\"elementor-widget-container\">\n\t\t\t\t\t<div class=\"tm-sc-icon-box icon-box icon-top font-icon icon-top animate-hover icon-rotate-y\">\r\n\t\r\n  \t<div class=\"icon-box-wrapper\">\r\n\t\t\r\n\t\t<div class=\"icon-wrapper\">\r\n\t\t<div class=\"icon icon-round icon-type-font-icon icon-md\">\r\n\t\t\t<i aria-hidden=\"true\" class=\" flaticon-common-phone-call\"><\/i>\t\t<\/div>\r\n\r\n\t\t\t<\/div>\r\n\t\t\t<div class=\"icon-text\">\r\n\t\t\t\t\t\t\r\n\t\t\t\t<h4 class=\"icon-box-title \">\r\n\t\t\t\t\t\t\tDo you need a reservation?\t\t\t\t\t<\/h4>\r\n\t\t\t\t\t<div class=\"content\">0541 143 53 53<\/div>\r\n\t\t\t\r\n\t\t\t\r\n\t\r\n\t\t\t\t\t<\/div>\r\n\t\t<div class=\"clearfix\"><\/div>\r\n\t<\/div>\r\n<\/div>\t\t\t\t<\/div>\n\t\t\t\t<\/div>\n\t\t\t\t<\/div>\n\t\t\t\t<\/div>\n\t\t\t\t\t<\/div>\n\t\t\t\t<\/div>\n\t\t\t\t\t<\/div>\n\t\t\t\t<\/div>\n\t\t\t\t<\/div>\n\t\t","protected":false},"excerpt":{"rendered":"<p>Accommodation Opportunity Including Dinner Starter: Soup of the Day: Kale Soup &amp; Yayla Soup &amp; Creamy Mushroom Soup &amp; Lentil&#8230;<\/p>\n","protected":false},"author":1,"featured_media":0,"parent":0,"menu_order":0,"comment_status":"closed","ping_status":"closed","template":"","meta":{"footnotes":""},"class_list":["post-117197","page","type-page","status-publish","hentry"],"yoast_head":"<!-- This site is optimized with the Yoast SEO plugin v25.4 - https:\/\/yoast.com\/wordpress\/plugins\/seo\/ -->\n<title>Evening meal - ZirvedeKal<\/title>\n<meta name=\"robots\" content=\"index, follow, max-snippet:-1, max-image-preview:large, max-video-preview:-1\" \/>\n<link rel=\"canonical\" href=\"https:\/\/www.zirvedekalsuit.com\/en\/evening-meal\/\" \/>\n<meta property=\"og:locale\" content=\"en_US\" \/>\n<meta property=\"og:type\" content=\"article\" \/>\n<meta property=\"og:title\" content=\"Evening meal - ZirvedeKal\" \/>\n<meta property=\"og:description\" content=\"Accommodation Opportunity Including Dinner Starter: Soup of the Day: Kale Soup &amp; Yayla Soup &amp; Creamy Mushroom Soup &amp; Lentil...\" \/>\n<meta property=\"og:url\" content=\"https:\/\/www.zirvedekalsuit.com\/en\/evening-meal\/\" \/>\n<meta property=\"og:site_name\" content=\"ZirvedeKal\" \/>\n<meta property=\"article:modified_time\" content=\"2025-07-10T22:22:12+00:00\" \/>\n<meta property=\"og:image\" content=\"https:\/\/www.zirvedekalsuit.com\/wp-content\/uploads\/2025\/03\/aksam-yemegi-1.jpg\" \/>\n\t<meta property=\"og:image:width\" content=\"790\" \/>\n\t<meta property=\"og:image:height\" content=\"500\" \/>\n\t<meta property=\"og:image:type\" content=\"image\/jpeg\" \/>\n<meta name=\"twitter:card\" content=\"summary_large_image\" \/>\n<meta name=\"twitter:label1\" content=\"Est. reading time\" \/>\n\t<meta name=\"twitter:data1\" content=\"1 minute\" \/>\n<script type=\"application\/ld+json\" class=\"yoast-schema-graph\">{\"@context\":\"https:\/\/schema.org\",\"@graph\":[{\"@type\":\"WebPage\",\"@id\":\"https:\/\/www.zirvedekalsuit.com\/en\/evening-meal\/\",\"url\":\"https:\/\/www.zirvedekalsuit.com\/en\/evening-meal\/\",\"name\":\"Evening meal - ZirvedeKal\",\"isPartOf\":{\"@id\":\"https:\/\/www.zirvedekalsuit.com\/en\/#website\"},\"primaryImageOfPage\":{\"@id\":\"https:\/\/www.zirvedekalsuit.com\/en\/evening-meal\/#primaryimage\"},\"image\":{\"@id\":\"https:\/\/www.zirvedekalsuit.com\/en\/evening-meal\/#primaryimage\"},\"thumbnailUrl\":\"https:\/\/www.zirvedekalsuit.com\/wp-content\/uploads\/2025\/03\/aksam-yemegi-1.jpg\",\"datePublished\":\"2025-02-21T18:37:23+00:00\",\"dateModified\":\"2025-07-10T22:22:12+00:00\",\"breadcrumb\":{\"@id\":\"https:\/\/www.zirvedekalsuit.com\/en\/evening-meal\/#breadcrumb\"},\"inLanguage\":\"en-US\",\"potentialAction\":[{\"@type\":\"ReadAction\",\"target\":[\"https:\/\/www.zirvedekalsuit.com\/en\/evening-meal\/\"]}]},{\"@type\":\"ImageObject\",\"inLanguage\":\"en-US\",\"@id\":\"https:\/\/www.zirvedekalsuit.com\/en\/evening-meal\/#primaryimage\",\"url\":\"https:\/\/www.zirvedekalsuit.com\/wp-content\/uploads\/2025\/03\/aksam-yemegi-1.jpg\",\"contentUrl\":\"https:\/\/www.zirvedekalsuit.com\/wp-content\/uploads\/2025\/03\/aksam-yemegi-1.jpg\"},{\"@type\":\"BreadcrumbList\",\"@id\":\"https:\/\/www.zirvedekalsuit.com\/en\/evening-meal\/#breadcrumb\",\"itemListElement\":[{\"@type\":\"ListItem\",\"position\":1,\"name\":\"Anasayfa\",\"item\":\"https:\/\/www.zirvedekalsuit.com\/en\/\"},{\"@type\":\"ListItem\",\"position\":2,\"name\":\"Evening meal\"}]},{\"@type\":\"WebSite\",\"@id\":\"https:\/\/www.zirvedekalsuit.com\/en\/#website\",\"url\":\"https:\/\/www.zirvedekalsuit.com\/en\/\",\"name\":\"ZirvedeKal\",\"description\":\"\",\"publisher\":{\"@id\":\"https:\/\/www.zirvedekalsuit.com\/en\/#organization\"},\"potentialAction\":[{\"@type\":\"SearchAction\",\"target\":{\"@type\":\"EntryPoint\",\"urlTemplate\":\"https:\/\/www.zirvedekalsuit.com\/en\/?s={search_term_string}\"},\"query-input\":{\"@type\":\"PropertyValueSpecification\",\"valueRequired\":true,\"valueName\":\"search_term_string\"}}],\"inLanguage\":\"en-US\"},{\"@type\":\"Organization\",\"@id\":\"https:\/\/www.zirvedekalsuit.com\/en\/#organization\",\"name\":\"ZirvedeKal\",\"url\":\"https:\/\/www.zirvedekalsuit.com\/en\/\",\"logo\":{\"@type\":\"ImageObject\",\"inLanguage\":\"en-US\",\"@id\":\"https:\/\/www.zirvedekalsuit.com\/en\/#\/schema\/logo\/image\/\",\"url\":\"https:\/\/www.zirvedekalsuit.com\/wp-content\/uploads\/2025\/02\/zirve-logo.png\",\"contentUrl\":\"https:\/\/www.zirvedekalsuit.com\/wp-content\/uploads\/2025\/02\/zirve-logo.png\",\"width\":500,\"height\":164,\"caption\":\"ZirvedeKal\"},\"image\":{\"@id\":\"https:\/\/www.zirvedekalsuit.com\/en\/#\/schema\/logo\/image\/\"}}]}<\/script>\n<!-- \/ Yoast SEO plugin. -->","yoast_head_json":{"title":"Evening meal - ZirvedeKal","robots":{"index":"index","follow":"follow","max-snippet":"max-snippet:-1","max-image-preview":"max-image-preview:large","max-video-preview":"max-video-preview:-1"},"canonical":"https:\/\/www.zirvedekalsuit.com\/en\/evening-meal\/","og_locale":"en_US","og_type":"article","og_title":"Evening meal - ZirvedeKal","og_description":"Accommodation Opportunity Including Dinner Starter: Soup of the Day: Kale Soup &amp; Yayla Soup &amp; Creamy Mushroom Soup &amp; Lentil...","og_url":"https:\/\/www.zirvedekalsuit.com\/en\/evening-meal\/","og_site_name":"ZirvedeKal","article_modified_time":"2025-07-10T22:22:12+00:00","og_image":[{"width":790,"height":500,"url":"https:\/\/www.zirvedekalsuit.com\/wp-content\/uploads\/2025\/03\/aksam-yemegi-1.jpg","type":"image\/jpeg"}],"twitter_card":"summary_large_image","twitter_misc":{"Est. reading time":"1 minute"},"schema":{"@context":"https:\/\/schema.org","@graph":[{"@type":"WebPage","@id":"https:\/\/www.zirvedekalsuit.com\/en\/evening-meal\/","url":"https:\/\/www.zirvedekalsuit.com\/en\/evening-meal\/","name":"Evening meal - ZirvedeKal","isPartOf":{"@id":"https:\/\/www.zirvedekalsuit.com\/en\/#website"},"primaryImageOfPage":{"@id":"https:\/\/www.zirvedekalsuit.com\/en\/evening-meal\/#primaryimage"},"image":{"@id":"https:\/\/www.zirvedekalsuit.com\/en\/evening-meal\/#primaryimage"},"thumbnailUrl":"https:\/\/www.zirvedekalsuit.com\/wp-content\/uploads\/2025\/03\/aksam-yemegi-1.jpg","datePublished":"2025-02-21T18:37:23+00:00","dateModified":"2025-07-10T22:22:12+00:00","breadcrumb":{"@id":"https:\/\/www.zirvedekalsuit.com\/en\/evening-meal\/#breadcrumb"},"inLanguage":"en-US","potentialAction":[{"@type":"ReadAction","target":["https:\/\/www.zirvedekalsuit.com\/en\/evening-meal\/"]}]},{"@type":"ImageObject","inLanguage":"en-US","@id":"https:\/\/www.zirvedekalsuit.com\/en\/evening-meal\/#primaryimage","url":"https:\/\/www.zirvedekalsuit.com\/wp-content\/uploads\/2025\/03\/aksam-yemegi-1.jpg","contentUrl":"https:\/\/www.zirvedekalsuit.com\/wp-content\/uploads\/2025\/03\/aksam-yemegi-1.jpg"},{"@type":"BreadcrumbList","@id":"https:\/\/www.zirvedekalsuit.com\/en\/evening-meal\/#breadcrumb","itemListElement":[{"@type":"ListItem","position":1,"name":"Anasayfa","item":"https:\/\/www.zirvedekalsuit.com\/en\/"},{"@type":"ListItem","position":2,"name":"Evening meal"}]},{"@type":"WebSite","@id":"https:\/\/www.zirvedekalsuit.com\/en\/#website","url":"https:\/\/www.zirvedekalsuit.com\/en\/","name":"ZirvedeKal","description":"","publisher":{"@id":"https:\/\/www.zirvedekalsuit.com\/en\/#organization"},"potentialAction":[{"@type":"SearchAction","target":{"@type":"EntryPoint","urlTemplate":"https:\/\/www.zirvedekalsuit.com\/en\/?s={search_term_string}"},"query-input":{"@type":"PropertyValueSpecification","valueRequired":true,"valueName":"search_term_string"}}],"inLanguage":"en-US"},{"@type":"Organization","@id":"https:\/\/www.zirvedekalsuit.com\/en\/#organization","name":"ZirvedeKal","url":"https:\/\/www.zirvedekalsuit.com\/en\/","logo":{"@type":"ImageObject","inLanguage":"en-US","@id":"https:\/\/www.zirvedekalsuit.com\/en\/#\/schema\/logo\/image\/","url":"https:\/\/www.zirvedekalsuit.com\/wp-content\/uploads\/2025\/02\/zirve-logo.png","contentUrl":"https:\/\/www.zirvedekalsuit.com\/wp-content\/uploads\/2025\/02\/zirve-logo.png","width":500,"height":164,"caption":"ZirvedeKal"},"image":{"@id":"https:\/\/www.zirvedekalsuit.com\/en\/#\/schema\/logo\/image\/"}}]}},"_links":{"self":[{"href":"https:\/\/www.zirvedekalsuit.com\/en\/wp-json\/wp\/v2\/pages\/117197","targetHints":{"allow":["GET"]}}],"collection":[{"href":"https:\/\/www.zirvedekalsuit.com\/en\/wp-json\/wp\/v2\/pages"}],"about":[{"href":"https:\/\/www.zirvedekalsuit.com\/en\/wp-json\/wp\/v2\/types\/page"}],"author":[{"embeddable":true,"href":"https:\/\/www.zirvedekalsuit.com\/en\/wp-json\/wp\/v2\/users\/1"}],"replies":[{"embeddable":true,"href":"https:\/\/www.zirvedekalsuit.com\/en\/wp-json\/wp\/v2\/comments?post=117197"}],"version-history":[{"count":4,"href":"https:\/\/www.zirvedekalsuit.com\/en\/wp-json\/wp\/v2\/pages\/117197\/revisions"}],"predecessor-version":[{"id":117207,"href":"https:\/\/www.zirvedekalsuit.com\/en\/wp-json\/wp\/v2\/pages\/117197\/revisions\/117207"}],"wp:attachment":[{"href":"https:\/\/www.zirvedekalsuit.com\/en\/wp-json\/wp\/v2\/media?parent=117197"}],"curies":[{"name":"wp","href":"https:\/\/api.w.org\/{rel}","templated":true}]}}