{"id":117195,"date":"2025-03-09T10:34:19","date_gmt":"2025-03-09T10:34:19","guid":{"rendered":"https:\/\/www.zirvedekalsuit.com\/rafting-zeepline-swing\/"},"modified":"2025-07-10T22:27:33","modified_gmt":"2025-07-10T22:27:33","slug":"rafting-zeepline-swing","status":"publish","type":"page","link":"https:\/\/www.zirvedekalsuit.com\/en\/rafting-zeepline-swing\/","title":{"rendered":"Rafting &amp; Zeepline &amp; Swing"},"content":{"rendered":"\t\t<div data-elementor-type=\"wp-page\" data-elementor-id=\"117195\" class=\"elementor elementor-117195 elementor-115492\" data-elementor-post-type=\"page\">\n\t\t\t\t<div class=\"elementor-element elementor-element-e967b6e e-flex e-con-boxed tm-col-stretched-none tm-bg-color-over-image e-con e-parent\" data-id=\"e967b6e\" data-element_type=\"container\">\n\t\t\t\t\t<div class=\"e-con-inner\">\n\t\t<div class=\"elementor-element elementor-element-d13dd3e e-flex e-con-boxed tm-col-stretched-none tm-bg-color-over-image e-con e-child\" data-id=\"d13dd3e\" data-element_type=\"container\">\n\t\t\t\t\t<div class=\"e-con-inner\">\n\t\t<div class=\"elementor-element elementor-element-05e0879 e-con-full tm-col-stretched-none e-flex tm-bg-color-over-image e-con e-child\" data-id=\"05e0879\" data-element_type=\"container\">\n\t\t\t\t<div class=\"elementor-element elementor-element-bbc506d elementor-arrows-position-inside elementor-pagination-position-outside elementor-widget elementor-widget-image-carousel\" data-id=\"bbc506d\" data-element_type=\"widget\" data-settings=\"{&quot;slides_to_show&quot;:&quot;1&quot;,&quot;navigation&quot;:&quot;both&quot;,&quot;autoplay&quot;:&quot;yes&quot;,&quot;pause_on_hover&quot;:&quot;yes&quot;,&quot;pause_on_interaction&quot;:&quot;yes&quot;,&quot;autoplay_speed&quot;:5000,&quot;infinite&quot;:&quot;yes&quot;,&quot;effect&quot;:&quot;slide&quot;,&quot;speed&quot;:500}\" data-widget_type=\"image-carousel.default\">\n\t\t\t\t<div class=\"elementor-widget-container\">\n\t\t\t\t\t\t\t<div class=\"elementor-image-carousel-wrapper swiper\" role=\"region\" aria-roledescription=\"carousel\" aria-label=\"Resim D\u00f6ng\u00fcs\u00fc\" dir=\"ltr\">\n\t\t\t<div class=\"elementor-image-carousel swiper-wrapper\" aria-live=\"off\">\n\t\t\t\t\t\t\t\t<div class=\"swiper-slide\" role=\"group\" aria-roledescription=\"slide\" aria-label=\"1 of 3\"><figure class=\"swiper-slide-inner\"><img decoding=\"async\" class=\"swiper-slide-image\" src=\"https:\/\/www.zirvedekalsuit.com\/wp-content\/uploads\/2025\/03\/yuruyus-new.jpg\" alt=\"yuruyus-new\" \/><\/figure><\/div><div class=\"swiper-slide\" role=\"group\" aria-roledescription=\"slide\" aria-label=\"2 of 3\"><figure class=\"swiper-slide-inner\"><img decoding=\"async\" class=\"swiper-slide-image\" src=\"https:\/\/www.zirvedekalsuit.com\/wp-content\/uploads\/2025\/03\/rafting-head.jpg\" alt=\"rafting-head\" \/><\/figure><\/div><div class=\"swiper-slide\" role=\"group\" aria-roledescription=\"slide\" aria-label=\"3 of 3\"><figure class=\"swiper-slide-inner\"><img decoding=\"async\" class=\"swiper-slide-image\" src=\"https:\/\/www.zirvedekalsuit.com\/wp-content\/uploads\/2025\/03\/zipline-head.jpg\" alt=\"zipline-head\" \/><\/figure><\/div>\t\t\t<\/div>\n\t\t\t\t\t\t\t\t\t\t\t\t<div class=\"elementor-swiper-button elementor-swiper-button-prev\" role=\"button\" tabindex=\"0\">\n\t\t\t\t\t\t<svg aria-hidden=\"true\" class=\"e-font-icon-svg e-eicon-chevron-left\" viewBox=\"0 0 1000 1000\" xmlns=\"http:\/\/www.w3.org\/2000\/svg\"><path d=\"M646 125C629 125 613 133 604 142L308 442C296 454 292 471 292 487 292 504 296 521 308 533L604 854C617 867 629 875 646 875 663 875 679 871 692 858 704 846 713 829 713 812 713 796 708 779 692 767L438 487 692 225C700 217 708 204 708 187 708 171 704 154 692 142 675 129 663 125 646 125Z\"><\/path><\/svg>\t\t\t\t\t<\/div>\n\t\t\t\t\t<div class=\"elementor-swiper-button elementor-swiper-button-next\" role=\"button\" tabindex=\"0\">\n\t\t\t\t\t\t<svg aria-hidden=\"true\" class=\"e-font-icon-svg e-eicon-chevron-right\" viewBox=\"0 0 1000 1000\" xmlns=\"http:\/\/www.w3.org\/2000\/svg\"><path d=\"M696 533C708 521 713 504 713 487 713 471 708 454 696 446L400 146C388 133 375 125 354 125 338 125 325 129 313 142 300 154 292 171 292 187 292 204 296 221 308 233L563 492 304 771C292 783 288 800 288 817 288 833 296 850 308 863 321 871 338 875 354 875 371 875 388 867 400 854L696 533Z\"><\/path><\/svg>\t\t\t\t\t<\/div>\n\t\t\t\t\n\t\t\t\t\t\t\t\t\t<div class=\"swiper-pagination\"><\/div>\n\t\t\t\t\t\t\t\t\t<\/div>\n\t\t\t\t\t\t<\/div>\n\t\t\t\t<\/div>\n\t\t\t\t<div class=\"elementor-element elementor-element-fde6470 elementor-widget elementor-widget-tm-ele-text-editor\" data-id=\"fde6470\" data-element_type=\"widget\" data-widget_type=\"tm-ele-text-editor.default\">\n\t\t\t\t<div class=\"elementor-widget-container\">\n\t\t\t\t\t\t\t<div class=\"tm-text-editor\">\r\n\t\t<h2>Discover the Enthusiasm of the Black Sea!<\/h2>\t\t<\/div>\r\n\t\t\t\t\t<\/div>\n\t\t\t\t<\/div>\n\t\t\t\t<div class=\"elementor-element elementor-element-8104460 elementor-widget elementor-widget-tm-ele-text-editor\" data-id=\"8104460\" data-element_type=\"widget\" data-widget_type=\"tm-ele-text-editor.default\">\n\t\t\t\t<div class=\"elementor-widget-container\">\n\t\t\t\t\t\t\t<div class=\"tm-text-editor\">\r\n\t\t<p><span style=\"font-weight: 400;\">Are you ready to experience adrenaline and tranquility together in the enchanting nature of F\u0131rt\u0131na Creek?<\/span><b>ZirvedeKal Suit Hotel<\/b><span style=\"font-weight: 400;\"> offers our guests an unforgettable experience!<\/span><\/p><p><span style=\"font-weight: 400;\">\ud83d\udef6 <\/span><b>Rafting Adventure:<\/b><span style=\"font-weight: 400;\"><br \/><\/span><span style=\"font-weight: 400;\"> Embark on an exciting journey through the powerful currents of F\u0131rt\u0131na Creek! A safe and laughter-filled rafting adventure awaits you, accompanied by professional guides.<\/span><\/p><p><span style=\"font-weight: 400;\">\ud83c\udf09 <\/span><b>Touch the Sky with a Zipline:<\/b><span style=\"font-weight: 400;\"><br \/><\/span><span style=\"font-weight: 400;\">Watch the breathtaking view of F\u0131rt\u0131na Valley from above with a zipline experience that reveals every shade of green beneath your feet. It's time to feel the freedom!<\/span><\/p><p><span style=\"font-weight: 400;\">\ud83c\udf3f <\/span><b>Swing to Infinity on the Giant Swing!<\/b><span style=\"font-weight: 400;\"><br \/><\/span><span style=\"font-weight: 400;\">Glide up into the sky at one of the most special spots in F\u0131rt\u0131na Valley, accompanied by the unique natural landscape beneath your feet. You'll experience a moment both peaceful and breathtaking!<\/span><\/p><p><span style=\"font-weight: 400;\">\u2728 <\/span><b>Adventure, nature, and peace at ZirvedeKal Suit Hotel!<\/b><span style=\"font-weight: 400;\"><br \/><\/span><\/p>\t\t<\/div>\r\n\t\t\t\t\t<\/div>\n\t\t\t\t<\/div>\n\t\t\t\t<div class=\"elementor-element elementor-element-7a955c0 elementor-widget elementor-widget-tm-ele-iconbox\" data-id=\"7a955c0\" data-element_type=\"widget\" data-widget_type=\"tm-ele-iconbox.default\">\n\t\t\t\t<div class=\"elementor-widget-container\">\n\t\t\t\t\t<div class=\"tm-sc-icon-box icon-box icon-top no-icon icon-top animate-hover icon-rotate-y\">\r\n\t\r\n  \t<div class=\"icon-box-wrapper\">\r\n\t\t\r\n\t\t\t<div class=\"icon-text\">\r\n\t\t\t\t\t\t\r\n\t\t\t\t<p class=\"icon-box-title \">\r\n\t\t\t\t\t\t\t\ud83d\udccd Contact us for reservations and detailed information.\t\t\t\t\t<\/p>\r\n\t\t\t\t\t\t\t\t\r\n\t\t\t\r\n\t\r\n\t\t\t\t\t<\/div>\r\n\t\t<div class=\"clearfix\"><\/div>\r\n\t<\/div>\r\n<\/div>\t\t\t\t<\/div>\n\t\t\t\t<\/div>\n\t\t\t\t<\/div>\n\t\t<div class=\"elementor-element elementor-element-7588889 e-con-full e-flex tm-col-stretched-none tm-bg-color-over-image e-con e-child\" data-id=\"7588889\" data-element_type=\"container\">\n\t\t\t\t<div class=\"elementor-element elementor-element-c3e3b6c elementor-widget elementor-widget-tm-ele-navigation-menu\" data-id=\"c3e3b6c\" data-element_type=\"widget\" data-widget_type=\"tm-ele-navigation-menu.default\">\n\t\t\t\t<div class=\"elementor-widget-container\">\n\t\t\t\t\t<div class=\"tm-sc-simple-nav-menu\"><ul id=\"menu-footer-en\" class=\"\"><li id=\"menu-item-117311\" class=\"menu-item menu-item-type-post_type menu-item-object-kodelisting_room menu-item-117311\"><a href=\"https:\/\/www.zirvedekalsuit.com\/en\/room\/dream-suite\/\"><i class=\"tm-nav-arrow-icon fas fa-arrow-right\"><\/i>Dream Suite<\/a><\/li>\n<li id=\"menu-item-117310\" class=\"menu-item menu-item-type-post_type menu-item-object-kodelisting_room menu-item-117310\"><a href=\"https:\/\/www.zirvedekalsuit.com\/en\/room\/hemshin-suite\/\"><i class=\"tm-nav-arrow-icon fas fa-arrow-right\"><\/i>Hemshin Suite<\/a><\/li>\n<li id=\"menu-item-117309\" class=\"menu-item menu-item-type-post_type menu-item-object-kodelisting_room menu-item-117309\"><a href=\"https:\/\/www.zirvedekalsuit.com\/en\/room\/love-suite\/\"><i class=\"tm-nav-arrow-icon fas fa-arrow-right\"><\/i>Love Suite<\/a><\/li>\n<li id=\"menu-item-117308\" class=\"menu-item menu-item-type-post_type menu-item-object-kodelisting_room menu-item-117308\"><a href=\"https:\/\/www.zirvedekalsuit.com\/en\/room\/black-sea-suite\/\"><i class=\"tm-nav-arrow-icon fas fa-arrow-right\"><\/i>Black Sea Suite<\/a><\/li>\n<li id=\"menu-item-117307\" class=\"menu-item menu-item-type-post_type menu-item-object-kodelisting_room menu-item-117307\"><a href=\"https:\/\/www.zirvedekalsuit.com\/en\/room\/queen-suite\/\"><i class=\"tm-nav-arrow-icon fas fa-arrow-right\"><\/i>Queen Suite<\/a><\/li>\n<\/ul><\/div>\t\t\t\t<\/div>\n\t\t\t\t<\/div>\n\t\t<div class=\"elementor-element elementor-element-67f4e0e e-con-full e-flex tm-col-stretched-none tm-bg-color-over-image e-con e-child\" data-id=\"67f4e0e\" data-element_type=\"container\" data-settings=\"{&quot;background_background&quot;:&quot;classic&quot;}\">\n\t\t\t\t<div class=\"elementor-element elementor-element-c1c493e elementor-widget elementor-widget-heading\" data-id=\"c1c493e\" data-element_type=\"widget\" data-widget_type=\"heading.default\">\n\t\t\t\t<div class=\"elementor-widget-container\">\n\t\t\t\t\t<h4 class=\"elementor-heading-title elementor-size-default\">Please call or write us for reservations.<\/h4>\t\t\t\t<\/div>\n\t\t\t\t<\/div>\n\t\t\t\t<div class=\"elementor-element elementor-element-09cef15 elementor-widget elementor-widget-tm-ele-iconbox\" data-id=\"09cef15\" data-element_type=\"widget\" data-widget_type=\"tm-ele-iconbox.default\">\n\t\t\t\t<div class=\"elementor-widget-container\">\n\t\t\t\t\t<div class=\"tm-sc-icon-box icon-box icon-top font-icon icon-top animate-hover icon-rotate-y\">\r\n\t\r\n  \t<div class=\"icon-box-wrapper\">\r\n\t\t\r\n\t\t<div class=\"icon-wrapper\">\r\n\t\t<div class=\"icon icon-round icon-type-font-icon icon-md\">\r\n\t\t\t<i aria-hidden=\"true\" class=\" flaticon-common-phone-call\"><\/i>\t\t<\/div>\r\n\r\n\t\t\t<\/div>\r\n\t\t\t<div class=\"icon-text\">\r\n\t\t\t\t\t\t\r\n\t\t\t\t<h4 class=\"icon-box-title \">\r\n\t\t\t\t\t\t\tDo you need a reservation?\t\t\t\t\t<\/h4>\r\n\t\t\t\t\t<div class=\"content\">0541 143 53 53<\/div>\r\n\t\t\t\r\n\t\t\t\r\n\t\r\n\t\t\t\t\t<\/div>\r\n\t\t<div class=\"clearfix\"><\/div>\r\n\t<\/div>\r\n<\/div>\t\t\t\t<\/div>\n\t\t\t\t<\/div>\n\t\t\t\t<\/div>\n\t\t\t\t<\/div>\n\t\t\t\t\t<\/div>\n\t\t\t\t<\/div>\n\t\t\t\t\t<\/div>\n\t\t\t\t<\/div>\n\t\t\t\t<\/div>\n\t\t","protected":false},"excerpt":{"rendered":"<p>Discover the Enthusiasm of the Black Sea! Are you ready to experience adrenaline and tranquility together in the enchanting nature&#8230;<\/p>\n","protected":false},"author":1,"featured_media":0,"parent":0,"menu_order":0,"comment_status":"closed","ping_status":"closed","template":"","meta":{"footnotes":""},"class_list":["post-117195","page","type-page","status-publish","hentry"],"yoast_head":"<!-- This site is optimized with the Yoast SEO plugin v25.4 - https:\/\/yoast.com\/wordpress\/plugins\/seo\/ -->\n<title>Rafting &amp; Zeepline &amp; Swing - ZirvedeKal<\/title>\n<meta name=\"robots\" content=\"index, follow, max-snippet:-1, max-image-preview:large, max-video-preview:-1\" \/>\n<link rel=\"canonical\" href=\"https:\/\/www.zirvedekalsuit.com\/en\/rafting-zeepline-swing\/\" \/>\n<meta property=\"og:locale\" content=\"en_US\" \/>\n<meta property=\"og:type\" content=\"article\" \/>\n<meta property=\"og:title\" content=\"Rafting &amp; Zeepline &amp; Swing - ZirvedeKal\" \/>\n<meta property=\"og:description\" content=\"Discover the Enthusiasm of the Black Sea! Are you ready to experience adrenaline and tranquility together in the enchanting nature...\" \/>\n<meta property=\"og:url\" content=\"https:\/\/www.zirvedekalsuit.com\/en\/rafting-zeepline-swing\/\" \/>\n<meta property=\"og:site_name\" content=\"ZirvedeKal\" \/>\n<meta property=\"article:modified_time\" content=\"2025-07-10T22:27:33+00:00\" \/>\n<meta property=\"og:image\" content=\"https:\/\/www.zirvedekalsuit.com\/wp-content\/uploads\/2025\/03\/yuruyus-new.jpg\" \/>\n<meta name=\"twitter:card\" content=\"summary_large_image\" \/>\n<meta name=\"twitter:label1\" content=\"Est. reading time\" \/>\n\t<meta name=\"twitter:data1\" content=\"2 minutes\" \/>\n<script type=\"application\/ld+json\" class=\"yoast-schema-graph\">{\"@context\":\"https:\/\/schema.org\",\"@graph\":[{\"@type\":\"WebPage\",\"@id\":\"https:\/\/www.zirvedekalsuit.com\/en\/rafting-zeepline-swing\/\",\"url\":\"https:\/\/www.zirvedekalsuit.com\/en\/rafting-zeepline-swing\/\",\"name\":\"Rafting &amp; Zeepline &amp; Swing - ZirvedeKal\",\"isPartOf\":{\"@id\":\"https:\/\/www.zirvedekalsuit.com\/en\/#website\"},\"primaryImageOfPage\":{\"@id\":\"https:\/\/www.zirvedekalsuit.com\/en\/rafting-zeepline-swing\/#primaryimage\"},\"image\":{\"@id\":\"https:\/\/www.zirvedekalsuit.com\/en\/rafting-zeepline-swing\/#primaryimage\"},\"thumbnailUrl\":\"https:\/\/www.zirvedekalsuit.com\/wp-content\/uploads\/2025\/03\/yuruyus-new.jpg\",\"datePublished\":\"2025-03-09T10:34:19+00:00\",\"dateModified\":\"2025-07-10T22:27:33+00:00\",\"breadcrumb\":{\"@id\":\"https:\/\/www.zirvedekalsuit.com\/en\/rafting-zeepline-swing\/#breadcrumb\"},\"inLanguage\":\"en-US\",\"potentialAction\":[{\"@type\":\"ReadAction\",\"target\":[\"https:\/\/www.zirvedekalsuit.com\/en\/rafting-zeepline-swing\/\"]}]},{\"@type\":\"ImageObject\",\"inLanguage\":\"en-US\",\"@id\":\"https:\/\/www.zirvedekalsuit.com\/en\/rafting-zeepline-swing\/#primaryimage\",\"url\":\"https:\/\/www.zirvedekalsuit.com\/wp-content\/uploads\/2025\/03\/yuruyus-new.jpg\",\"contentUrl\":\"https:\/\/www.zirvedekalsuit.com\/wp-content\/uploads\/2025\/03\/yuruyus-new.jpg\"},{\"@type\":\"BreadcrumbList\",\"@id\":\"https:\/\/www.zirvedekalsuit.com\/en\/rafting-zeepline-swing\/#breadcrumb\",\"itemListElement\":[{\"@type\":\"ListItem\",\"position\":1,\"name\":\"Anasayfa\",\"item\":\"https:\/\/www.zirvedekalsuit.com\/en\/\"},{\"@type\":\"ListItem\",\"position\":2,\"name\":\"Rafting &amp; Zeepline &amp; Swing\"}]},{\"@type\":\"WebSite\",\"@id\":\"https:\/\/www.zirvedekalsuit.com\/en\/#website\",\"url\":\"https:\/\/www.zirvedekalsuit.com\/en\/\",\"name\":\"ZirvedeKal\",\"description\":\"\",\"publisher\":{\"@id\":\"https:\/\/www.zirvedekalsuit.com\/en\/#organization\"},\"potentialAction\":[{\"@type\":\"SearchAction\",\"target\":{\"@type\":\"EntryPoint\",\"urlTemplate\":\"https:\/\/www.zirvedekalsuit.com\/en\/?s={search_term_string}\"},\"query-input\":{\"@type\":\"PropertyValueSpecification\",\"valueRequired\":true,\"valueName\":\"search_term_string\"}}],\"inLanguage\":\"en-US\"},{\"@type\":\"Organization\",\"@id\":\"https:\/\/www.zirvedekalsuit.com\/en\/#organization\",\"name\":\"ZirvedeKal\",\"url\":\"https:\/\/www.zirvedekalsuit.com\/en\/\",\"logo\":{\"@type\":\"ImageObject\",\"inLanguage\":\"en-US\",\"@id\":\"https:\/\/www.zirvedekalsuit.com\/en\/#\/schema\/logo\/image\/\",\"url\":\"https:\/\/www.zirvedekalsuit.com\/wp-content\/uploads\/2025\/02\/zirve-logo.png\",\"contentUrl\":\"https:\/\/www.zirvedekalsuit.com\/wp-content\/uploads\/2025\/02\/zirve-logo.png\",\"width\":500,\"height\":164,\"caption\":\"ZirvedeKal\"},\"image\":{\"@id\":\"https:\/\/www.zirvedekalsuit.com\/en\/#\/schema\/logo\/image\/\"}}]}<\/script>\n<!-- \/ Yoast SEO plugin. -->","yoast_head_json":{"title":"Rafting &amp; Zeepline &amp; Swing - ZirvedeKal","robots":{"index":"index","follow":"follow","max-snippet":"max-snippet:-1","max-image-preview":"max-image-preview:large","max-video-preview":"max-video-preview:-1"},"canonical":"https:\/\/www.zirvedekalsuit.com\/en\/rafting-zeepline-swing\/","og_locale":"en_US","og_type":"article","og_title":"Rafting &amp; Zeepline &amp; Swing - ZirvedeKal","og_description":"Discover the Enthusiasm of the Black Sea! Are you ready to experience adrenaline and tranquility together in the enchanting nature...","og_url":"https:\/\/www.zirvedekalsuit.com\/en\/rafting-zeepline-swing\/","og_site_name":"ZirvedeKal","article_modified_time":"2025-07-10T22:27:33+00:00","og_image":[{"url":"https:\/\/www.zirvedekalsuit.com\/wp-content\/uploads\/2025\/03\/yuruyus-new.jpg","type":"","width":"","height":""}],"twitter_card":"summary_large_image","twitter_misc":{"Est. reading time":"2 minutes"},"schema":{"@context":"https:\/\/schema.org","@graph":[{"@type":"WebPage","@id":"https:\/\/www.zirvedekalsuit.com\/en\/rafting-zeepline-swing\/","url":"https:\/\/www.zirvedekalsuit.com\/en\/rafting-zeepline-swing\/","name":"Rafting &amp; Zeepline &amp; Swing - ZirvedeKal","isPartOf":{"@id":"https:\/\/www.zirvedekalsuit.com\/en\/#website"},"primaryImageOfPage":{"@id":"https:\/\/www.zirvedekalsuit.com\/en\/rafting-zeepline-swing\/#primaryimage"},"image":{"@id":"https:\/\/www.zirvedekalsuit.com\/en\/rafting-zeepline-swing\/#primaryimage"},"thumbnailUrl":"https:\/\/www.zirvedekalsuit.com\/wp-content\/uploads\/2025\/03\/yuruyus-new.jpg","datePublished":"2025-03-09T10:34:19+00:00","dateModified":"2025-07-10T22:27:33+00:00","breadcrumb":{"@id":"https:\/\/www.zirvedekalsuit.com\/en\/rafting-zeepline-swing\/#breadcrumb"},"inLanguage":"en-US","potentialAction":[{"@type":"ReadAction","target":["https:\/\/www.zirvedekalsuit.com\/en\/rafting-zeepline-swing\/"]}]},{"@type":"ImageObject","inLanguage":"en-US","@id":"https:\/\/www.zirvedekalsuit.com\/en\/rafting-zeepline-swing\/#primaryimage","url":"https:\/\/www.zirvedekalsuit.com\/wp-content\/uploads\/2025\/03\/yuruyus-new.jpg","contentUrl":"https:\/\/www.zirvedekalsuit.com\/wp-content\/uploads\/2025\/03\/yuruyus-new.jpg"},{"@type":"BreadcrumbList","@id":"https:\/\/www.zirvedekalsuit.com\/en\/rafting-zeepline-swing\/#breadcrumb","itemListElement":[{"@type":"ListItem","position":1,"name":"Anasayfa","item":"https:\/\/www.zirvedekalsuit.com\/en\/"},{"@type":"ListItem","position":2,"name":"Rafting &amp; Zeepline &amp; Swing"}]},{"@type":"WebSite","@id":"https:\/\/www.zirvedekalsuit.com\/en\/#website","url":"https:\/\/www.zirvedekalsuit.com\/en\/","name":"ZirvedeKal","description":"","publisher":{"@id":"https:\/\/www.zirvedekalsuit.com\/en\/#organization"},"potentialAction":[{"@type":"SearchAction","target":{"@type":"EntryPoint","urlTemplate":"https:\/\/www.zirvedekalsuit.com\/en\/?s={search_term_string}"},"query-input":{"@type":"PropertyValueSpecification","valueRequired":true,"valueName":"search_term_string"}}],"inLanguage":"en-US"},{"@type":"Organization","@id":"https:\/\/www.zirvedekalsuit.com\/en\/#organization","name":"ZirvedeKal","url":"https:\/\/www.zirvedekalsuit.com\/en\/","logo":{"@type":"ImageObject","inLanguage":"en-US","@id":"https:\/\/www.zirvedekalsuit.com\/en\/#\/schema\/logo\/image\/","url":"https:\/\/www.zirvedekalsuit.com\/wp-content\/uploads\/2025\/02\/zirve-logo.png","contentUrl":"https:\/\/www.zirvedekalsuit.com\/wp-content\/uploads\/2025\/02\/zirve-logo.png","width":500,"height":164,"caption":"ZirvedeKal"},"image":{"@id":"https:\/\/www.zirvedekalsuit.com\/en\/#\/schema\/logo\/image\/"}}]}},"_links":{"self":[{"href":"https:\/\/www.zirvedekalsuit.com\/en\/wp-json\/wp\/v2\/pages\/117195","targetHints":{"allow":["GET"]}}],"collection":[{"href":"https:\/\/www.zirvedekalsuit.com\/en\/wp-json\/wp\/v2\/pages"}],"about":[{"href":"https:\/\/www.zirvedekalsuit.com\/en\/wp-json\/wp\/v2\/types\/page"}],"author":[{"embeddable":true,"href":"https:\/\/www.zirvedekalsuit.com\/en\/wp-json\/wp\/v2\/users\/1"}],"replies":[{"embeddable":true,"href":"https:\/\/www.zirvedekalsuit.com\/en\/wp-json\/wp\/v2\/comments?post=117195"}],"version-history":[{"count":4,"href":"https:\/\/www.zirvedekalsuit.com\/en\/wp-json\/wp\/v2\/pages\/117195\/revisions"}],"predecessor-version":[{"id":117216,"href":"https:\/\/www.zirvedekalsuit.com\/en\/wp-json\/wp\/v2\/pages\/117195\/revisions\/117216"}],"wp:attachment":[{"href":"https:\/\/www.zirvedekalsuit.com\/en\/wp-json\/wp\/v2\/media?parent=117195"}],"curies":[{"name":"wp","href":"https:\/\/api.w.org\/{rel}","templated":true}]}}